{"id":239,"date":"2015-10-15T15:32:49","date_gmt":"2015-10-15T13:32:49","guid":{"rendered":"http:\/\/wpoffice\/construction\/?page_id=25"},"modified":"2020-02-05T20:28:14","modified_gmt":"2020-02-05T19:28:14","slug":"service","status":"publish","type":"page","link":"https:\/\/lesconstructionsmetalliques.com\/index.php\/service\/","title":{"rendered":"Notre Savoir Faire"},"content":{"rendered":"\n<style type=\"text\/css\" data-created_by=\"avia_inline_auto\" id=\"style-css-av-k69o3m50-74b8266783887130ab21bd43af62dda2\">\n#top .av-special-heading.av-k69o3m50-74b8266783887130ab21bd43af62dda2{\npadding-bottom:0;\n}\nbody .av-special-heading.av-k69o3m50-74b8266783887130ab21bd43af62dda2 .av-special-heading-tag .heading-char{\nfont-size:25px;\n}\n.av-special-heading.av-k69o3m50-74b8266783887130ab21bd43af62dda2 .av-subheading{\nfont-size:15px;\n}\n<\/style>\n<div  class='av-special-heading av-k69o3m50-74b8266783887130ab21bd43af62dda2 av-special-heading-h2 blockquote modern-quote modern-centered  avia-builder-el-0  el_before_av_hr  avia-builder-el-first '><h2 class='av-special-heading-tag '  itemprop=\"headline\"  >Notre Savoir Faire<\/h2><div class=\"special-heading-border\"><div class=\"special-heading-inner-border\"><\/div><\/div><\/div>\n\n<style type=\"text\/css\" data-created_by=\"avia_inline_auto\" id=\"style-css-av-59549r-3838b197b8b75c74393cdff678a45094\">\n#top .hr.av-59549r-3838b197b8b75c74393cdff678a45094{\nmargin-top:5px;\nmargin-bottom:35px;\n}\n.hr.av-59549r-3838b197b8b75c74393cdff678a45094 .hr-inner{\nwidth:50px;\nborder-color:#efbb20;\n}\n<\/style>\n<div  class='hr av-59549r-3838b197b8b75c74393cdff678a45094 hr-custom  avia-builder-el-1  el_after_av_heading  el_before_av_one_half  hr-center hr-icon-no'><span class='hr-inner inner-border-av-border-fat'><span class=\"hr-inner-style\"><\/span><\/span><\/div>\n\n<style type=\"text\/css\" data-created_by=\"avia_inline_auto\" id=\"style-css-av-4zr5lr-05f70a0149f8fef01d346214635c81df\">\n.flex_column.av-4zr5lr-05f70a0149f8fef01d346214635c81df{\nborder-radius:0px 0px 0px 0px;\npadding:0px 0px 0px 0px;\n}\n<\/style>\n<div  class='flex_column av-4zr5lr-05f70a0149f8fef01d346214635c81df av_one_half  avia-builder-el-2  el_after_av_hr  el_before_av_one_half  first flex_column_div av-animated-generic bottom-to-top av-zero-column-padding  '     ><p>\n<style type=\"text\/css\" data-created_by=\"avia_inline_auto\" id=\"style-css-av-4vpq9j-e521c53558b54dc880f0669e9c0a2e12\">\n.avia-image-container.av-4vpq9j-e521c53558b54dc880f0669e9c0a2e12 img.avia_image{\nbox-shadow:none;\n}\n.avia-image-container.av-4vpq9j-e521c53558b54dc880f0669e9c0a2e12 .av-image-caption-overlay-center{\ncolor:#ffffff;\n}\n<\/style>\n<div  class='avia-image-container av-4vpq9j-e521c53558b54dc880f0669e9c0a2e12 av-styling-no-styling av-img-linked avia-align-center  avia-builder-el-3  el_before_av_heading  avia-builder-el-first '   itemprop=\"image\" itemscope=\"itemscope\" itemtype=\"https:\/\/schema.org\/ImageObject\" ><div class=\"avia-image-container-inner\"><div class=\"avia-image-overlay-wrap\"><a href=\"https:\/\/lesconstructionsmetalliques.com\/index.php\/service\/house-renovation\/\" class='avia_image '  aria-label='batiment-hangard-metallique-1500-600'><img decoding=\"async\" fetchpriority=\"high\" class='wp-image-452 avia-img-lazy-loading-not-452 avia_image ' src=\"https:\/\/lesconstructionsmetalliques.com\/wp-content\/uploads\/2020\/02\/batiment-hangard-metallique-1500-600-1-300x120.png\" alt='' title='batiment-hangard-metallique-1500-600'  height=\"120\" width=\"300\"  itemprop=\"thumbnailUrl\" srcset=\"https:\/\/lesconstructionsmetalliques.com\/wp-content\/uploads\/2020\/02\/batiment-hangard-metallique-1500-600-1-300x120.png 300w, https:\/\/lesconstructionsmetalliques.com\/wp-content\/uploads\/2020\/02\/batiment-hangard-metallique-1500-600-1-1024x410.png 1024w, https:\/\/lesconstructionsmetalliques.com\/wp-content\/uploads\/2020\/02\/batiment-hangard-metallique-1500-600-1-768x307.png 768w, https:\/\/lesconstructionsmetalliques.com\/wp-content\/uploads\/2020\/02\/batiment-hangard-metallique-1500-600-1-705x282.png 705w, https:\/\/lesconstructionsmetalliques.com\/wp-content\/uploads\/2020\/02\/batiment-hangard-metallique-1500-600-1.png 1500w\" sizes=\"(max-width: 300px) 100vw, 300px\" \/><\/a><\/div><\/div><\/div><br \/>\n\n<style type=\"text\/css\" data-created_by=\"avia_inline_auto\" id=\"style-css-av-k69o4rvi-a17603b66d64f1df3a1a66f68de4f4c6\">\n#top .av-special-heading.av-k69o4rvi-a17603b66d64f1df3a1a66f68de4f4c6{\npadding-bottom:0;\n}\nbody .av-special-heading.av-k69o4rvi-a17603b66d64f1df3a1a66f68de4f4c6 .av-special-heading-tag .heading-char{\nfont-size:25px;\n}\n.av-special-heading.av-k69o4rvi-a17603b66d64f1df3a1a66f68de4f4c6 .av-subheading{\nfont-size:15px;\n}\n<\/style>\n<div  class='av-special-heading av-k69o4rvi-a17603b66d64f1df3a1a66f68de4f4c6 av-special-heading-h3 blockquote modern-quote  avia-builder-el-4  el_after_av_image  el_before_av_hr '><h3 class='av-special-heading-tag '  itemprop=\"headline\"  >B\u00e2timents <span class='special_amp'>&amp;<\/span> Hangars<\/h3><div class=\"special-heading-border\"><div class=\"special-heading-inner-border\"><\/div><\/div><\/div><br \/>\n\n<style type=\"text\/css\" data-created_by=\"avia_inline_auto\" id=\"style-css-av-4lwnm7-a797806de6ac538766b3acc681ced5c6\">\n#top .hr.av-4lwnm7-a797806de6ac538766b3acc681ced5c6{\nmargin-top:10px;\nmargin-bottom:10px;\n}\n.hr.av-4lwnm7-a797806de6ac538766b3acc681ced5c6 .hr-inner{\nwidth:50px;\nborder-color:#efbb20;\n}\n<\/style>\n<div  class='hr av-4lwnm7-a797806de6ac538766b3acc681ced5c6 hr-custom  avia-builder-el-5  el_after_av_heading  el_before_av_textblock  hr-left hr-icon-no'><span class='hr-inner inner-border-av-border-fat'><span class=\"hr-inner-style\"><\/span><\/span><\/div><br \/>\n<section  class='av_textblock_section av-4f533j-17289ab498ed6b1c76009ff6d4260d62 '   itemscope=\"itemscope\" itemtype=\"https:\/\/schema.org\/CreativeWork\" ><div class='avia_textblock'  itemprop=\"text\" ><p>Nous construisons des <em>b\u00e2timents<\/em>\u00a0sur-mesure ou standards. <strong>Industriel<\/strong>, <strong>agricole<\/strong> ou <strong>\u00e9questre<\/strong>, notre catalogue permet de r\u00e9aliser de nombreux <em>b\u00e2timents<\/em>\u00a0\u00e0 un tr\u00e8s bon rapport qualit\u00e9-prix.<\/p>\n<\/div><\/section><\/p><\/div>\n<style type=\"text\/css\" data-created_by=\"avia_inline_auto\" id=\"style-css-av-46ro0n-8cf330e8fef4b3546a493eae43f80c22\">\n.flex_column.av-46ro0n-8cf330e8fef4b3546a493eae43f80c22{\nborder-radius:0px 0px 0px 0px;\npadding:0px 0px 0px 0px;\n}\n<\/style>\n<div  class='flex_column av-46ro0n-8cf330e8fef4b3546a493eae43f80c22 av_one_half  avia-builder-el-7  el_after_av_one_half  el_before_av_one_half  flex_column_div av-animated-generic bottom-to-top av-zero-column-padding  '     ><p>\n<style type=\"text\/css\" data-created_by=\"avia_inline_auto\" id=\"style-css-av-42oagn-6e547609ba935fad0ab5f503b8a00374\">\n.avia-image-container.av-42oagn-6e547609ba935fad0ab5f503b8a00374 img.avia_image{\nbox-shadow:none;\n}\n.avia-image-container.av-42oagn-6e547609ba935fad0ab5f503b8a00374 .av-image-caption-overlay-center{\ncolor:#ffffff;\n}\n<\/style>\n<div  class='avia-image-container av-42oagn-6e547609ba935fad0ab5f503b8a00374 av-styling-no-styling av-img-linked avia-align-center  avia-builder-el-8  el_before_av_heading  avia-builder-el-first '   itemprop=\"image\" itemscope=\"itemscope\" itemtype=\"https:\/\/schema.org\/ImageObject\" ><div class=\"avia-image-container-inner\"><div class=\"avia-image-overlay-wrap\"><a href=\"https:\/\/lesconstructionsmetalliques.com\/index.php\/service\/architecture\/\" class='avia_image '  aria-label='charpente-mettalique-1500-600'><img decoding=\"async\" fetchpriority=\"high\" class='wp-image-429 avia-img-lazy-loading-not-429 avia_image ' src=\"https:\/\/lesconstructionsmetalliques.com\/wp-content\/uploads\/2020\/02\/charpente-mettalique-1500-600-300x120.png\" alt='' title='charpente-mettalique-1500-600'  height=\"120\" width=\"300\"  itemprop=\"thumbnailUrl\" srcset=\"https:\/\/lesconstructionsmetalliques.com\/wp-content\/uploads\/2020\/02\/charpente-mettalique-1500-600-300x120.png 300w, https:\/\/lesconstructionsmetalliques.com\/wp-content\/uploads\/2020\/02\/charpente-mettalique-1500-600-1024x410.png 1024w, https:\/\/lesconstructionsmetalliques.com\/wp-content\/uploads\/2020\/02\/charpente-mettalique-1500-600-768x307.png 768w, https:\/\/lesconstructionsmetalliques.com\/wp-content\/uploads\/2020\/02\/charpente-mettalique-1500-600-705x282.png 705w, https:\/\/lesconstructionsmetalliques.com\/wp-content\/uploads\/2020\/02\/charpente-mettalique-1500-600.png 1500w\" sizes=\"(max-width: 300px) 100vw, 300px\" \/><\/a><\/div><\/div><\/div><br \/>\n\n<style type=\"text\/css\" data-created_by=\"avia_inline_auto\" id=\"style-css-av-k69o8mz0-bb21abb34be09dfa485a04382159069c\">\n#top .av-special-heading.av-k69o8mz0-bb21abb34be09dfa485a04382159069c{\npadding-bottom:0;\n}\nbody .av-special-heading.av-k69o8mz0-bb21abb34be09dfa485a04382159069c .av-special-heading-tag .heading-char{\nfont-size:25px;\n}\n.av-special-heading.av-k69o8mz0-bb21abb34be09dfa485a04382159069c .av-subheading{\nfont-size:15px;\n}\n<\/style>\n<div  class='av-special-heading av-k69o8mz0-bb21abb34be09dfa485a04382159069c av-special-heading-h3 blockquote modern-quote  avia-builder-el-9  el_after_av_image  el_before_av_hr '><h3 class='av-special-heading-tag '  itemprop=\"headline\"  >Charpentes<\/h3><div class=\"special-heading-border\"><div class=\"special-heading-inner-border\"><\/div><\/div><\/div><br \/>\n\n<style type=\"text\/css\" data-created_by=\"avia_inline_auto\" id=\"style-css-av-3qft7j-ed82c4c40ae9eea2b3bbb70421df0848\">\n#top .hr.av-3qft7j-ed82c4c40ae9eea2b3bbb70421df0848{\nmargin-top:10px;\nmargin-bottom:10px;\n}\n.hr.av-3qft7j-ed82c4c40ae9eea2b3bbb70421df0848 .hr-inner{\nwidth:50px;\nborder-color:#efbb20;\n}\n<\/style>\n<div  class='hr av-3qft7j-ed82c4c40ae9eea2b3bbb70421df0848 hr-custom  avia-builder-el-10  el_after_av_heading  el_before_av_textblock  hr-left hr-icon-no'><span class='hr-inner inner-border-av-border-fat'><span class=\"hr-inner-style\"><\/span><\/span><\/div><br \/>\n<section  class='av_textblock_section av-3idn7z-f8b7fcdffe15c9cbcf197a2fce57014f '   itemscope=\"itemscope\" itemtype=\"https:\/\/schema.org\/CreativeWork\" ><div class='avia_textblock'  itemprop=\"text\" ><p>Fabrication, fourniture et pose de\u00a0<b>charpente bois<\/b> et <strong>acier.<\/strong><\/p>\n<\/div><\/section><\/p><\/div>\n<style type=\"text\/css\" data-created_by=\"avia_inline_auto\" id=\"style-css-av-3gcsjb-0ba788fabcba516e222387abb4fa0ed8\">\n.flex_column.av-3gcsjb-0ba788fabcba516e222387abb4fa0ed8{\nborder-radius:0px 0px 0px 0px;\npadding:0px 0px 0px 0px;\n}\n<\/style>\n<div  class='flex_column av-3gcsjb-0ba788fabcba516e222387abb4fa0ed8 av_one_half  avia-builder-el-12  el_after_av_one_half  el_before_av_one_half  first flex_column_div av-animated-generic bottom-to-top av-zero-column-padding  column-top-margin'     ><p>\n<style type=\"text\/css\" data-created_by=\"avia_inline_auto\" id=\"style-css-av-39752n-56c038713b7aa36ac6140d226c02f370\">\n.avia-image-container.av-39752n-56c038713b7aa36ac6140d226c02f370 img.avia_image{\nbox-shadow:none;\n}\n.avia-image-container.av-39752n-56c038713b7aa36ac6140d226c02f370 .av-image-caption-overlay-center{\ncolor:#ffffff;\n}\n<\/style>\n<div  class='avia-image-container av-39752n-56c038713b7aa36ac6140d226c02f370 av-styling-no-styling av-img-linked avia-align-center  avia-builder-el-13  el_before_av_heading  avia-builder-el-first '   itemprop=\"image\" itemscope=\"itemscope\" itemtype=\"https:\/\/schema.org\/ImageObject\" ><div class=\"avia-image-container-inner\"><div class=\"avia-image-overlay-wrap\"><a href=\"https:\/\/lesconstructionsmetalliques.com\/?page_id=142\" class='avia_image '  aria-label='ballustrade-1500-600'><img decoding=\"async\" fetchpriority=\"high\" class='wp-image-433 avia-img-lazy-loading-not-433 avia_image ' src=\"https:\/\/lesconstructionsmetalliques.com\/wp-content\/uploads\/2020\/02\/ballustrade-1500-600-300x120.png\" alt='' title='ballustrade-1500-600'  height=\"120\" width=\"300\"  itemprop=\"thumbnailUrl\" srcset=\"https:\/\/lesconstructionsmetalliques.com\/wp-content\/uploads\/2020\/02\/ballustrade-1500-600-300x120.png 300w, https:\/\/lesconstructionsmetalliques.com\/wp-content\/uploads\/2020\/02\/ballustrade-1500-600-1024x410.png 1024w, https:\/\/lesconstructionsmetalliques.com\/wp-content\/uploads\/2020\/02\/ballustrade-1500-600-768x307.png 768w, https:\/\/lesconstructionsmetalliques.com\/wp-content\/uploads\/2020\/02\/ballustrade-1500-600-705x282.png 705w, https:\/\/lesconstructionsmetalliques.com\/wp-content\/uploads\/2020\/02\/ballustrade-1500-600.png 1500w\" sizes=\"(max-width: 300px) 100vw, 300px\" \/><\/a><\/div><\/div><\/div><br \/>\n\n<style type=\"text\/css\" data-created_by=\"avia_inline_auto\" id=\"style-css-av-k69o8xy3-fb1281063f6eab5ab1504c95b70bc6a5\">\n#top .av-special-heading.av-k69o8xy3-fb1281063f6eab5ab1504c95b70bc6a5{\npadding-bottom:0;\n}\nbody .av-special-heading.av-k69o8xy3-fb1281063f6eab5ab1504c95b70bc6a5 .av-special-heading-tag .heading-char{\nfont-size:25px;\n}\n.av-special-heading.av-k69o8xy3-fb1281063f6eab5ab1504c95b70bc6a5 .av-subheading{\nfont-size:15px;\n}\n<\/style>\n<div  class='av-special-heading av-k69o8xy3-fb1281063f6eab5ab1504c95b70bc6a5 av-special-heading-h3 blockquote modern-quote  avia-builder-el-14  el_after_av_image  el_before_av_hr '><h3 class='av-special-heading-tag '  itemprop=\"headline\"  >Cl\u00f4tures \u2013 Balustrades<\/h3><div class=\"special-heading-border\"><div class=\"special-heading-inner-border\"><\/div><\/div><\/div><br \/>\n\n<style type=\"text\/css\" data-created_by=\"avia_inline_auto\" id=\"style-css-av-2y0xwn-518f32a61b1eea9d918e8e842efcaab3\">\n#top .hr.av-2y0xwn-518f32a61b1eea9d918e8e842efcaab3{\nmargin-top:10px;\nmargin-bottom:10px;\n}\n.hr.av-2y0xwn-518f32a61b1eea9d918e8e842efcaab3 .hr-inner{\nwidth:50px;\nborder-color:#efbb20;\n}\n<\/style>\n<div  class='hr av-2y0xwn-518f32a61b1eea9d918e8e842efcaab3 hr-custom  avia-builder-el-15  el_after_av_heading  el_before_av_textblock  hr-left hr-icon-no'><span class='hr-inner inner-border-av-border-fat'><span class=\"hr-inner-style\"><\/span><\/span><\/div><br \/>\n<section  class='av_textblock_section av-2o1s4f-c6f2474604b00adc42e0599fb450e08e '   itemscope=\"itemscope\" itemtype=\"https:\/\/schema.org\/CreativeWork\" ><div class='avia_textblock'  itemprop=\"text\" ><p>Aluminium, acier ou inox, remplissage divers mat\u00e9riaux, d\u00e9couvrez le savoir-faire LCM pour vos<strong> cl\u00f4tures<\/strong>, <strong>balustrades ext\u00e9rieures<\/strong>, ou <strong>gardes corps<\/strong> au meilleur prix<\/p>\n<\/div><\/section><\/p><\/div>\n<style type=\"text\/css\" data-created_by=\"avia_inline_auto\" id=\"style-css-av-2jw05b-ef9dc9fef967d11290ea2cd0c9e299be\">\n.flex_column.av-2jw05b-ef9dc9fef967d11290ea2cd0c9e299be{\nborder-radius:0px 0px 0px 0px;\npadding:0px 0px 0px 0px;\n}\n<\/style>\n<div  class='flex_column av-2jw05b-ef9dc9fef967d11290ea2cd0c9e299be av_one_half  avia-builder-el-17  el_after_av_one_half  avia-builder-el-last  flex_column_div av-animated-generic bottom-to-top av-zero-column-padding  column-top-margin'     ><p>\n<style type=\"text\/css\" data-created_by=\"avia_inline_auto\" id=\"style-css-av-2dp1wv-32f1b1f16ba72c00dd6ed06748a4b58a\">\n.avia-image-container.av-2dp1wv-32f1b1f16ba72c00dd6ed06748a4b58a img.avia_image{\nbox-shadow:none;\n}\n.avia-image-container.av-2dp1wv-32f1b1f16ba72c00dd6ed06748a4b58a .av-image-caption-overlay-center{\ncolor:#ffffff;\n}\n<\/style>\n<div  class='avia-image-container av-2dp1wv-32f1b1f16ba72c00dd6ed06748a4b58a av-styling-no-styling av-img-linked avia-align-center  avia-builder-el-18  el_before_av_heading  avia-builder-el-first '   itemprop=\"image\" itemscope=\"itemscope\" itemtype=\"https:\/\/schema.org\/ImageObject\" ><div class=\"avia-image-container-inner\"><div class=\"avia-image-overlay-wrap\"><a href=\"https:\/\/lesconstructionsmetalliques.com\/?page_id=140\" class='avia_image '  aria-label='verranda-aluminium-1500-600'><img decoding=\"async\" fetchpriority=\"high\" class='wp-image-434 avia-img-lazy-loading-not-434 avia_image ' src=\"https:\/\/lesconstructionsmetalliques.com\/wp-content\/uploads\/2020\/02\/verranda-aluminium-1500-600-300x120.png\" alt='' title='verranda-aluminium-1500-600'  height=\"120\" width=\"300\"  itemprop=\"thumbnailUrl\" srcset=\"https:\/\/lesconstructionsmetalliques.com\/wp-content\/uploads\/2020\/02\/verranda-aluminium-1500-600-300x120.png 300w, https:\/\/lesconstructionsmetalliques.com\/wp-content\/uploads\/2020\/02\/verranda-aluminium-1500-600-1024x410.png 1024w, https:\/\/lesconstructionsmetalliques.com\/wp-content\/uploads\/2020\/02\/verranda-aluminium-1500-600-768x307.png 768w, https:\/\/lesconstructionsmetalliques.com\/wp-content\/uploads\/2020\/02\/verranda-aluminium-1500-600-705x282.png 705w, https:\/\/lesconstructionsmetalliques.com\/wp-content\/uploads\/2020\/02\/verranda-aluminium-1500-600.png 1500w\" sizes=\"(max-width: 300px) 100vw, 300px\" \/><\/a><\/div><\/div><\/div><br \/>\n\n<style type=\"text\/css\" data-created_by=\"avia_inline_auto\" id=\"style-css-av-k69oaxbv-f98dc015e854dcf86e84120b7a2f9056\">\n#top .av-special-heading.av-k69oaxbv-f98dc015e854dcf86e84120b7a2f9056{\npadding-bottom:0;\n}\nbody .av-special-heading.av-k69oaxbv-f98dc015e854dcf86e84120b7a2f9056 .av-special-heading-tag .heading-char{\nfont-size:25px;\n}\n.av-special-heading.av-k69oaxbv-f98dc015e854dcf86e84120b7a2f9056 .av-subheading{\nfont-size:15px;\n}\n<\/style>\n<div  class='av-special-heading av-k69oaxbv-f98dc015e854dcf86e84120b7a2f9056 av-special-heading-h3 blockquote modern-quote  avia-builder-el-19  el_after_av_image  el_before_av_hr '><h3 class='av-special-heading-tag '  itemprop=\"headline\"  >V\u00e9randas <span class='special_amp'>&amp;<\/span> Jardins d\u2019Hiver<\/h3><div class=\"special-heading-border\"><div class=\"special-heading-inner-border\"><\/div><\/div><\/div><br \/>\n\n<style type=\"text\/css\" data-created_by=\"avia_inline_auto\" id=\"style-css-av-22wbbb-87f6e222e53caab30a00e77ed4fd6453\">\n#top .hr.av-22wbbb-87f6e222e53caab30a00e77ed4fd6453{\nmargin-top:10px;\nmargin-bottom:10px;\n}\n.hr.av-22wbbb-87f6e222e53caab30a00e77ed4fd6453 .hr-inner{\nwidth:50px;\nborder-color:#efbb20;\n}\n<\/style>\n<div  class='hr av-22wbbb-87f6e222e53caab30a00e77ed4fd6453 hr-custom  avia-builder-el-20  el_after_av_heading  el_before_av_textblock  hr-left hr-icon-no'><span class='hr-inner inner-border-av-border-fat'><span class=\"hr-inner-style\"><\/span><\/span><\/div><br \/>\n<section  class='av_textblock_section av-1ux4kv-726b3d77920685fd87082948e6f889a8 '   itemscope=\"itemscope\" itemtype=\"https:\/\/schema.org\/CreativeWork\" ><div class='avia_textblock'  itemprop=\"text\" ><p><span class=\"texte_catalogue\">Notre partenariat avec la soci\u00e9t\u00e9 Pologne Fen\u00eatres, nous permet de vous propos\u00e9 une large gamme de v\u00e9randas en aluminium, Sas d&rsquo;entr\u00e9e, abri SPA, jardin d&rsquo;hiver, pergola ou v\u00e9randa \u00e0 vivre, sont concept de <strong>qualit\u00e9 \u00e0 prix discount<\/strong> nous permet de propos\u00e9 des mod\u00e8les \u00e0 prix imbattables !<\/span><\/p>\n<\/div><\/section><\/p><\/div><\/p>\n","protected":false},"excerpt":{"rendered":"","protected":false},"author":1,"featured_media":0,"parent":0,"menu_order":1,"comment_status":"closed","ping_status":"closed","template":"","meta":{"footnotes":""},"class_list":["post-239","page","type-page","status-publish","hentry"],"yoast_head":"<!-- This site is optimized with the Yoast SEO plugin v26.9 - https:\/\/yoast.com\/product\/yoast-seo-wordpress\/ -->\n<title>Notre Savoir Faire - Les Constructions M\u00e9talliques<\/title>\n<meta name=\"robots\" content=\"index, follow, max-snippet:-1, max-image-preview:large, max-video-preview:-1\" \/>\n<link rel=\"canonical\" href=\"https:\/\/lesconstructionsmetalliques.com\/index.php\/service\/\" \/>\n<meta property=\"og:locale\" content=\"fr_FR\" \/>\n<meta property=\"og:type\" content=\"article\" \/>\n<meta property=\"og:title\" content=\"Notre Savoir Faire - Les Constructions M\u00e9talliques\" \/>\n<meta property=\"og:url\" content=\"https:\/\/lesconstructionsmetalliques.com\/index.php\/service\/\" \/>\n<meta property=\"og:site_name\" content=\"Les Constructions M\u00e9talliques\" \/>\n<meta property=\"article:publisher\" content=\"https:\/\/www.facebook.com\/lesconstructionsmetalliques\" \/>\n<meta property=\"article:modified_time\" content=\"2020-02-05T19:28:14+00:00\" \/>\n<meta name=\"twitter:card\" content=\"summary_large_image\" \/>\n<meta name=\"twitter:label1\" content=\"Dur\u00e9e de lecture estim\u00e9e\" \/>\n\t<meta name=\"twitter:data1\" content=\"7 minutes\" \/>\n<script type=\"application\/ld+json\" class=\"yoast-schema-graph\">{\"@context\":\"https:\/\/schema.org\",\"@graph\":[{\"@type\":\"WebPage\",\"@id\":\"https:\/\/lesconstructionsmetalliques.com\/index.php\/service\/\",\"url\":\"https:\/\/lesconstructionsmetalliques.com\/index.php\/service\/\",\"name\":\"Notre Savoir Faire - Les Constructions M\u00e9talliques\",\"isPartOf\":{\"@id\":\"https:\/\/lesconstructionsmetalliques.com\/#website\"},\"datePublished\":\"2015-10-15T13:32:49+00:00\",\"dateModified\":\"2020-02-05T19:28:14+00:00\",\"breadcrumb\":{\"@id\":\"https:\/\/lesconstructionsmetalliques.com\/index.php\/service\/#breadcrumb\"},\"inLanguage\":\"fr-FR\",\"potentialAction\":[{\"@type\":\"ReadAction\",\"target\":[\"https:\/\/lesconstructionsmetalliques.com\/index.php\/service\/\"]}]},{\"@type\":\"BreadcrumbList\",\"@id\":\"https:\/\/lesconstructionsmetalliques.com\/index.php\/service\/#breadcrumb\",\"itemListElement\":[{\"@type\":\"ListItem\",\"position\":1,\"name\":\"Accueil\",\"item\":\"https:\/\/lesconstructionsmetalliques.com\/\"},{\"@type\":\"ListItem\",\"position\":2,\"name\":\"Notre Savoir Faire\"}]},{\"@type\":\"WebSite\",\"@id\":\"https:\/\/lesconstructionsmetalliques.com\/#website\",\"url\":\"https:\/\/lesconstructionsmetalliques.com\/\",\"name\":\"Les Constructions M\u00e9talliques\",\"description\":\"La construction un domaine qui nous connait bien !\",\"publisher\":{\"@id\":\"https:\/\/lesconstructionsmetalliques.com\/#organization\"},\"potentialAction\":[{\"@type\":\"SearchAction\",\"target\":{\"@type\":\"EntryPoint\",\"urlTemplate\":\"https:\/\/lesconstructionsmetalliques.com\/?s={search_term_string}\"},\"query-input\":{\"@type\":\"PropertyValueSpecification\",\"valueRequired\":true,\"valueName\":\"search_term_string\"}}],\"inLanguage\":\"fr-FR\"},{\"@type\":\"Organization\",\"@id\":\"https:\/\/lesconstructionsmetalliques.com\/#organization\",\"name\":\"Les Constructions M\u00e9talliques\",\"url\":\"https:\/\/lesconstructionsmetalliques.com\/\",\"logo\":{\"@type\":\"ImageObject\",\"inLanguage\":\"fr-FR\",\"@id\":\"https:\/\/lesconstructionsmetalliques.com\/#\/schema\/logo\/image\/\",\"url\":\"https:\/\/lesconstructionsmetalliques.com\/wp-content\/uploads\/2020\/01\/Logo-LCM-les-constructions-metalliquees-HOME.png\",\"contentUrl\":\"https:\/\/lesconstructionsmetalliques.com\/wp-content\/uploads\/2020\/01\/Logo-LCM-les-constructions-metalliquees-HOME.png\",\"width\":298,\"height\":156,\"caption\":\"Les Constructions M\u00e9talliques\"},\"image\":{\"@id\":\"https:\/\/lesconstructionsmetalliques.com\/#\/schema\/logo\/image\/\"},\"sameAs\":[\"https:\/\/www.facebook.com\/lesconstructionsmetalliques\"]}]}<\/script>\n<!-- \/ Yoast SEO plugin. -->","yoast_head_json":{"title":"Notre Savoir Faire - Les Constructions M\u00e9talliques","robots":{"index":"index","follow":"follow","max-snippet":"max-snippet:-1","max-image-preview":"max-image-preview:large","max-video-preview":"max-video-preview:-1"},"canonical":"https:\/\/lesconstructionsmetalliques.com\/index.php\/service\/","og_locale":"fr_FR","og_type":"article","og_title":"Notre Savoir Faire - Les Constructions M\u00e9talliques","og_url":"https:\/\/lesconstructionsmetalliques.com\/index.php\/service\/","og_site_name":"Les Constructions M\u00e9talliques","article_publisher":"https:\/\/www.facebook.com\/lesconstructionsmetalliques","article_modified_time":"2020-02-05T19:28:14+00:00","twitter_card":"summary_large_image","twitter_misc":{"Dur\u00e9e de lecture estim\u00e9e":"7 minutes"},"schema":{"@context":"https:\/\/schema.org","@graph":[{"@type":"WebPage","@id":"https:\/\/lesconstructionsmetalliques.com\/index.php\/service\/","url":"https:\/\/lesconstructionsmetalliques.com\/index.php\/service\/","name":"Notre Savoir Faire - Les Constructions M\u00e9talliques","isPartOf":{"@id":"https:\/\/lesconstructionsmetalliques.com\/#website"},"datePublished":"2015-10-15T13:32:49+00:00","dateModified":"2020-02-05T19:28:14+00:00","breadcrumb":{"@id":"https:\/\/lesconstructionsmetalliques.com\/index.php\/service\/#breadcrumb"},"inLanguage":"fr-FR","potentialAction":[{"@type":"ReadAction","target":["https:\/\/lesconstructionsmetalliques.com\/index.php\/service\/"]}]},{"@type":"BreadcrumbList","@id":"https:\/\/lesconstructionsmetalliques.com\/index.php\/service\/#breadcrumb","itemListElement":[{"@type":"ListItem","position":1,"name":"Accueil","item":"https:\/\/lesconstructionsmetalliques.com\/"},{"@type":"ListItem","position":2,"name":"Notre Savoir Faire"}]},{"@type":"WebSite","@id":"https:\/\/lesconstructionsmetalliques.com\/#website","url":"https:\/\/lesconstructionsmetalliques.com\/","name":"Les Constructions M\u00e9talliques","description":"La construction un domaine qui nous connait bien !","publisher":{"@id":"https:\/\/lesconstructionsmetalliques.com\/#organization"},"potentialAction":[{"@type":"SearchAction","target":{"@type":"EntryPoint","urlTemplate":"https:\/\/lesconstructionsmetalliques.com\/?s={search_term_string}"},"query-input":{"@type":"PropertyValueSpecification","valueRequired":true,"valueName":"search_term_string"}}],"inLanguage":"fr-FR"},{"@type":"Organization","@id":"https:\/\/lesconstructionsmetalliques.com\/#organization","name":"Les Constructions M\u00e9talliques","url":"https:\/\/lesconstructionsmetalliques.com\/","logo":{"@type":"ImageObject","inLanguage":"fr-FR","@id":"https:\/\/lesconstructionsmetalliques.com\/#\/schema\/logo\/image\/","url":"https:\/\/lesconstructionsmetalliques.com\/wp-content\/uploads\/2020\/01\/Logo-LCM-les-constructions-metalliquees-HOME.png","contentUrl":"https:\/\/lesconstructionsmetalliques.com\/wp-content\/uploads\/2020\/01\/Logo-LCM-les-constructions-metalliquees-HOME.png","width":298,"height":156,"caption":"Les Constructions M\u00e9talliques"},"image":{"@id":"https:\/\/lesconstructionsmetalliques.com\/#\/schema\/logo\/image\/"},"sameAs":["https:\/\/www.facebook.com\/lesconstructionsmetalliques"]}]}},"_links":{"self":[{"href":"https:\/\/lesconstructionsmetalliques.com\/index.php\/wp-json\/wp\/v2\/pages\/239","targetHints":{"allow":["GET"]}}],"collection":[{"href":"https:\/\/lesconstructionsmetalliques.com\/index.php\/wp-json\/wp\/v2\/pages"}],"about":[{"href":"https:\/\/lesconstructionsmetalliques.com\/index.php\/wp-json\/wp\/v2\/types\/page"}],"author":[{"embeddable":true,"href":"https:\/\/lesconstructionsmetalliques.com\/index.php\/wp-json\/wp\/v2\/users\/1"}],"replies":[{"embeddable":true,"href":"https:\/\/lesconstructionsmetalliques.com\/index.php\/wp-json\/wp\/v2\/comments?post=239"}],"version-history":[{"count":6,"href":"https:\/\/lesconstructionsmetalliques.com\/index.php\/wp-json\/wp\/v2\/pages\/239\/revisions"}],"predecessor-version":[{"id":459,"href":"https:\/\/lesconstructionsmetalliques.com\/index.php\/wp-json\/wp\/v2\/pages\/239\/revisions\/459"}],"wp:attachment":[{"href":"https:\/\/lesconstructionsmetalliques.com\/index.php\/wp-json\/wp\/v2\/media?parent=239"}],"curies":[{"name":"wp","href":"https:\/\/api.w.org\/{rel}","templated":true}]}}