{"id":138,"date":"2015-10-22T15:31:54","date_gmt":"2015-10-22T13:31:54","guid":{"rendered":"http:\/\/test.kriesi.at\/construction\/?page_id=138"},"modified":"2020-03-04T20:51:02","modified_gmt":"2020-03-04T19:51:02","slug":"house-renovation","status":"publish","type":"page","link":"https:\/\/lesconstructionsmetalliques.com\/index.php\/service\/house-renovation\/","title":{"rendered":"Batiments &#038; Hangars"},"content":{"rendered":"\n<style type=\"text\/css\" data-created_by=\"avia_inline_auto\" id=\"style-css-av-3zzeqa-c1ddd7bdaaade0dc600c795e712c844f\">\n\n@media only screen and (min-width: 768px) and (max-width: 989px){ \n#top #wrap_all .avia-slideshow .av-slideshow-caption.av-3zzeqa-c1ddd7bdaaade0dc600c795e712c844f__2 .avia-caption-title{\nfont-size:,;\n}\n}\n\n@media only screen and (min-width: 480px) and (max-width: 767px){ \n#top #wrap_all .avia-slideshow .av-slideshow-caption.av-3zzeqa-c1ddd7bdaaade0dc600c795e712c844f__2 .avia-caption-title{\nfont-size:,;\n}\n}\n\n@media only screen and (max-width: 479px){ \n#top #wrap_all .avia-slideshow .av-slideshow-caption.av-3zzeqa-c1ddd7bdaaade0dc600c795e712c844f__2 .avia-caption-title{\nfont-size:,;\n}\n}\n<\/style>\n<div  class='avia-slideshow av-3zzeqa-c1ddd7bdaaade0dc600c795e712c844f avia-slideshow-featured_large av_slideshow avia-fade-slider  avia-builder-el-0  el_before_av_one_full  avia-builder-el-first  av-slideshow-ui av-control-hidden av-no-slider-navigation av-hide-nav-arrows av-slideshow-autoplay av-loop-endless av-loop-manual-endless av-default-height-applied avia-slideshow-1' data-slideshow-options=\"{&quot;animation&quot;:&quot;fade&quot;,&quot;autoplay&quot;:true,&quot;loop_autoplay&quot;:&quot;endless&quot;,&quot;interval&quot;:5,&quot;loop_manual&quot;:&quot;manual-endless&quot;,&quot;autoplay_stopper&quot;:false,&quot;noNavigation&quot;:true,&quot;bg_slider&quot;:false,&quot;keep_padding&quot;:false,&quot;hoverpause&quot;:false,&quot;show_slide_delay&quot;:0}\"  itemprop=\"image\" itemscope=\"itemscope\" itemtype=\"https:\/\/schema.org\/ImageObject\" ><ul class='avia-slideshow-inner ' style='padding-bottom: 40%;'><li  class='avia-slideshow-slide av-3zzeqa-c1ddd7bdaaade0dc600c795e712c844f__2  slide-1 slide-odd'><div data-rel='slideshow-1' class='avia-slide-wrap '   ><img decoding=\"async\" fetchpriority=\"high\" class=\"wp-image-432 avia-img-lazy-loading-not-432\"  src=\"https:\/\/lesconstructionsmetalliques.com\/wp-content\/uploads\/2020\/02\/batiment-hangard-metallique-1500-600.png\" width=\"1500\" height=\"600\" title='batiment-hangard-metallique-1500-600' alt=''  itemprop=\"thumbnailUrl\" srcset=\"https:\/\/lesconstructionsmetalliques.com\/wp-content\/uploads\/2020\/02\/batiment-hangard-metallique-1500-600.png 1500w, https:\/\/lesconstructionsmetalliques.com\/wp-content\/uploads\/2020\/02\/batiment-hangard-metallique-1500-600-300x120.png 300w, https:\/\/lesconstructionsmetalliques.com\/wp-content\/uploads\/2020\/02\/batiment-hangard-metallique-1500-600-1024x410.png 1024w, https:\/\/lesconstructionsmetalliques.com\/wp-content\/uploads\/2020\/02\/batiment-hangard-metallique-1500-600-768x307.png 768w, https:\/\/lesconstructionsmetalliques.com\/wp-content\/uploads\/2020\/02\/batiment-hangard-metallique-1500-600-705x282.png 705w\" sizes=\"(max-width: 1500px) 100vw, 1500px\" \/><\/div><\/li><li  class='avia-slideshow-slide av-3zzeqa-c1ddd7bdaaade0dc600c795e712c844f__3  slide-2 slide-even'><div data-rel='slideshow-1' class='avia-slide-wrap '   ><img decoding=\"async\" fetchpriority=\"high\" class=\"wp-image-439 avia-img-lazy-loading-not-439\"  src=\"https:\/\/lesconstructionsmetalliques.com\/wp-content\/uploads\/2020\/02\/Hangard-metallique-1500-438.png\" width=\"1500\" height=\"438\" title='Hangard-metallique-1500-438' alt=''  itemprop=\"thumbnailUrl\" srcset=\"https:\/\/lesconstructionsmetalliques.com\/wp-content\/uploads\/2020\/02\/Hangard-metallique-1500-438.png 1500w, https:\/\/lesconstructionsmetalliques.com\/wp-content\/uploads\/2020\/02\/Hangard-metallique-1500-438-300x88.png 300w, https:\/\/lesconstructionsmetalliques.com\/wp-content\/uploads\/2020\/02\/Hangard-metallique-1500-438-1024x299.png 1024w, https:\/\/lesconstructionsmetalliques.com\/wp-content\/uploads\/2020\/02\/Hangard-metallique-1500-438-768x224.png 768w, https:\/\/lesconstructionsmetalliques.com\/wp-content\/uploads\/2020\/02\/Hangard-metallique-1500-438-705x206.png 705w\" sizes=\"(max-width: 1500px) 100vw, 1500px\" \/><\/div><\/li><\/ul><div class='avia-slideshow-arrows avia-slideshow-controls' ><a href='#prev' class='prev-slide  avia-svg-icon avia-font-svg_entypo-fontello' data-av_svg_icon='left-open-big' data-av_iconset='svg_entypo-fontello' tabindex='-1' title=\"Pr\u00e9c\u00e9dent\"><svg version=\"1.1\" xmlns=\"http:\/\/www.w3.org\/2000\/svg\" width=\"15\" height=\"32\" viewBox=\"0 0 15 32\" preserveAspectRatio=\"xMidYMid meet\" aria-labelledby='av-svg-title-1' aria-describedby='av-svg-desc-1' role=\"graphics-symbol\" aria-hidden=\"true\">\n<title id='av-svg-title-1'>Pr\u00e9c\u00e9dent<\/title>\n<desc id='av-svg-desc-1'>Pr\u00e9c\u00e9dent<\/desc>\n<path d=\"M14.464 27.84q0.832 0.832 0 1.536-0.832 0.832-1.536 0l-12.544-12.608q-0.768-0.768 0-1.6l12.544-12.608q0.704-0.832 1.536 0 0.832 0.704 0 1.536l-11.456 11.904z\"><\/path>\n<\/svg><span class='avia_hidden_link_text'>Pr\u00e9c\u00e9dent<\/span><\/a><a href='#next' class='next-slide  avia-svg-icon avia-font-svg_entypo-fontello' data-av_svg_icon='right-open-big' data-av_iconset='svg_entypo-fontello' tabindex='-1' title=\"Suivant\"><svg version=\"1.1\" xmlns=\"http:\/\/www.w3.org\/2000\/svg\" width=\"15\" height=\"32\" viewBox=\"0 0 15 32\" preserveAspectRatio=\"xMidYMid meet\" aria-labelledby='av-svg-title-2' aria-describedby='av-svg-desc-2' role=\"graphics-symbol\" aria-hidden=\"true\">\n<title id='av-svg-title-2'>Suivant<\/title>\n<desc id='av-svg-desc-2'>Suivant<\/desc>\n<path d=\"M0.416 27.84l11.456-11.84-11.456-11.904q-0.832-0.832 0-1.536 0.832-0.832 1.536 0l12.544 12.608q0.768 0.832 0 1.6l-12.544 12.608q-0.704 0.832-1.536 0-0.832-0.704 0-1.536z\"><\/path>\n<\/svg><span class='avia_hidden_link_text'>Suivant<\/span><\/a><\/div><\/div>\n\n<style type=\"text\/css\" data-created_by=\"avia_inline_auto\" id=\"style-css-av-3bu9dm-bf98c6db40e5e7578aca23e3920f8240\">\n#top .flex_column.av-3bu9dm-bf98c6db40e5e7578aca23e3920f8240{\nmargin-top:0px;\nmargin-bottom:0px;\n}\n.flex_column.av-3bu9dm-bf98c6db40e5e7578aca23e3920f8240{\nborder-radius:0px 0px 0px 0px;\npadding:0px 0px 0px 0px;\n}\n.responsive #top #wrap_all .flex_column.av-3bu9dm-bf98c6db40e5e7578aca23e3920f8240{\nmargin-top:0px;\nmargin-bottom:0px;\n}\n<\/style>\n<div  class='flex_column av-3bu9dm-bf98c6db40e5e7578aca23e3920f8240 av_one_full  avia-builder-el-1  el_after_av_slideshow  el_before_av_one_full  first flex_column_div av-animated-generic bottom-to-top av-zero-column-padding  '     ><p>\n<style type=\"text\/css\" data-created_by=\"avia_inline_auto\" id=\"style-css-av-k6xzg8tz-434ac52b89875612a81fd49367102c78\">\n#top .av-special-heading.av-k6xzg8tz-434ac52b89875612a81fd49367102c78{\npadding-bottom:0;\n}\nbody .av-special-heading.av-k6xzg8tz-434ac52b89875612a81fd49367102c78 .av-special-heading-tag .heading-char{\nfont-size:25px;\n}\n.av-special-heading.av-k6xzg8tz-434ac52b89875612a81fd49367102c78 .av-subheading{\nfont-size:15px;\n}\n<\/style>\n<div  class='av-special-heading av-k6xzg8tz-434ac52b89875612a81fd49367102c78 av-special-heading-h2 blockquote modern-quote  avia-builder-el-2  el_before_av_hr  avia-builder-el-first '><h2 class='av-special-heading-tag '  itemprop=\"headline\"  >B\u00e2timents <span class='special_amp'>&amp;<\/span> Hangars<\/h2><div class=\"special-heading-border\"><div class=\"special-heading-inner-border\"><\/div><\/div><\/div><br \/>\n\n<style type=\"text\/css\" data-created_by=\"avia_inline_auto\" id=\"style-css-av-31gi4q-5d4bf260708a3224ff34103a4d5c5ef1\">\n#top .hr.av-31gi4q-5d4bf260708a3224ff34103a4d5c5ef1{\nmargin-top:10px;\nmargin-bottom:10px;\n}\n.hr.av-31gi4q-5d4bf260708a3224ff34103a4d5c5ef1 .hr-inner{\nwidth:50px;\nborder-color:#efbb20;\n}\n<\/style>\n<div  class='hr av-31gi4q-5d4bf260708a3224ff34103a4d5c5ef1 hr-custom  avia-builder-el-3  el_after_av_heading  avia-builder-el-last  hr-left hr-icon-no'><span class='hr-inner inner-border-av-border-fat'><span class=\"hr-inner-style\"><\/span><\/span><\/div><\/p><\/div>\n\n<style type=\"text\/css\" data-created_by=\"avia_inline_auto\" id=\"style-css-av-miyju-f5718f9da017bc3bbe48b23351d8415c\">\n.flex_column.av-miyju-f5718f9da017bc3bbe48b23351d8415c{\nborder-radius:0px 0px 0px 0px;\npadding:0px 0px 0px 0px;\n}\n<\/style>\n<div  class='flex_column av-miyju-f5718f9da017bc3bbe48b23351d8415c av_one_full  avia-builder-el-4  el_after_av_one_full  el_before_av_one_third  first flex_column_div av-zero-column-padding  column-top-margin'     ><section  class='av_textblock_section av-k6xz597c-19ed2f45d1884f8f6581bdd1171344ac '   itemscope=\"itemscope\" itemtype=\"https:\/\/schema.org\/CreativeWork\" ><div class='avia_textblock'  itemprop=\"text\" ><p>Les gammes standard sont g\u00e9n\u00e9ralement suffisamment d\u00e9velopp\u00e9es pour r\u00e9pondre aux besoins de nombreux secteurs industriels. Les conceptions sur-mesure offrent une infinit\u00e9 de\u00a0 possibilit\u00e9s.<\/p>\n<\/div><\/section><\/div>\n<style type=\"text\/css\" data-created_by=\"avia_inline_auto\" id=\"style-css-av-2xg98a-ccdceb8577e7c4bca31808ffe63a3257\">\n#top .flex_column.av-2xg98a-ccdceb8577e7c4bca31808ffe63a3257{\nmargin-top:0px;\nmargin-bottom:0px;\n}\n.flex_column.av-2xg98a-ccdceb8577e7c4bca31808ffe63a3257{\nborder-radius:0px 0px 0px 0px;\npadding:0px 0px 0px 0px;\n}\n.responsive #top #wrap_all .flex_column.av-2xg98a-ccdceb8577e7c4bca31808ffe63a3257{\nmargin-top:0px;\nmargin-bottom:0px;\n}\n<\/style>\n<div  class='flex_column av-2xg98a-ccdceb8577e7c4bca31808ffe63a3257 av_one_third  avia-builder-el-6  el_after_av_one_full  el_before_av_one_third  first flex_column_div av-animated-generic bottom-to-top av-zero-column-padding  column-top-margin'     ><section  class='av_textblock_section av-2p9w0a-c23e301923d0580c6eafaefcfee6d791 '   itemscope=\"itemscope\" itemtype=\"https:\/\/schema.org\/CreativeWork\" ><div class='avia_textblock'  itemprop=\"text\" ><p><strong>Pour les entrep\u00f4ts logistiques,\u00a0 \u00a0 \u00a0 \u00a0 \u00a0<\/strong>il faut opter pour des b\u00e2timents con\u00e7us pour la logistique avec des entrep\u00f4ts avec des port\u00e9es libres allant jusqu&rsquo;\u00e0 100 m\u00e8tres sans poteaux interm\u00e9diaires. Le client dispose d&rsquo;une grande souplesse dans le choix des dimensions de la construction. Les entrep\u00f4ts et plates-formes logistiques sont des solutions durables et sont con\u00e7us pour r\u00e9pondre \u00e0 chaque besoin sp\u00e9cifique. Une vari\u00e9t\u00e9 de syst\u00e8mes de toiture et de fa\u00e7ade offre les meilleures performances, une haute qualit\u00e9 et un design moderne.<\/p>\n<\/div><\/section><\/div><\/p>\n\n<style type=\"text\/css\" data-created_by=\"avia_inline_auto\" id=\"style-css-av-2jxkea-5b4731975f448186b46e0789acb0ce5b\">\n#top .flex_column.av-2jxkea-5b4731975f448186b46e0789acb0ce5b{\nmargin-top:0px;\nmargin-bottom:0px;\n}\n.flex_column.av-2jxkea-5b4731975f448186b46e0789acb0ce5b{\nborder-radius:0px 0px 0px 0px;\npadding:0px 0px 0px 0px;\n}\n.responsive #top #wrap_all .flex_column.av-2jxkea-5b4731975f448186b46e0789acb0ce5b{\nmargin-top:0px;\nmargin-bottom:0px;\n}\n<\/style>\n<div  class='flex_column av-2jxkea-5b4731975f448186b46e0789acb0ce5b av_one_third  avia-builder-el-8  el_after_av_one_third  el_before_av_one_third  flex_column_div av-animated-generic bottom-to-top av-zero-column-padding  column-top-margin'     ><p><section  class='av_textblock_section av-2fufbu-e8aefff626fcab41cc5562484960fcd1 '   itemscope=\"itemscope\" itemtype=\"https:\/\/schema.org\/CreativeWork\" ><div class='avia_textblock'  itemprop=\"text\" ><p><strong>Les unit\u00e9s de production et usines<\/strong>\u00a0sont con\u00e7ues pour r\u00e9pondre \u00e0 chaque besoin sp\u00e9cifique. Les b\u00e2timents industriels offrent un maximum de flexibilit\u00e9. Les b\u00e2timents de production sont d\u00e9velopp\u00e9s avec les derni\u00e8res technologies, ils sont fiables et p\u00e9rennes. Les b\u00e2timents en acier m\u00e9talliques permettent un flux de production optimal et disposent d&rsquo;un \u00e9clairage naturel.<\/p>\n<\/div><\/section><br \/>\n<section  class='av_textblock_section av-2fufbu-e8aefff626fcab41cc5562484960fcd1 '   itemscope=\"itemscope\" itemtype=\"https:\/\/schema.org\/CreativeWork\" ><div class='avia_textblock'  itemprop=\"text\" ><p><strong>Les bureaux\u00a0<\/strong>en saillie, \u00e0 plusieurs niveaux, tout en un, combin\u00e9s, ou encore en arrondi\u2026de nombreuses possibilit\u00e9s existent pour la construction de b\u00e2timents de bureaux r\u00e9pondant aux besoins de chacun.<\/p>\n<\/div><\/section><\/p><\/div>\n\n<style type=\"text\/css\" data-created_by=\"avia_inline_auto\" id=\"style-css-av-2jxkea-5b4731975f448186b46e0789acb0ce5b\">\n#top .flex_column.av-2jxkea-5b4731975f448186b46e0789acb0ce5b{\nmargin-top:0px;\nmargin-bottom:0px;\n}\n.flex_column.av-2jxkea-5b4731975f448186b46e0789acb0ce5b{\nborder-radius:0px 0px 0px 0px;\npadding:0px 0px 0px 0px;\n}\n.responsive #top #wrap_all .flex_column.av-2jxkea-5b4731975f448186b46e0789acb0ce5b{\nmargin-top:0px;\nmargin-bottom:0px;\n}\n<\/style>\n<div  class='flex_column av-2jxkea-5b4731975f448186b46e0789acb0ce5b av_one_third  avia-builder-el-11  el_after_av_one_third  avia-builder-el-last  flex_column_div av-animated-generic bottom-to-top av-zero-column-padding  column-top-margin'     ><section  class='av_textblock_section av-2fufbu-e8aefff626fcab41cc5562484960fcd1 '   itemscope=\"itemscope\" itemtype=\"https:\/\/schema.org\/CreativeWork\" ><div class='avia_textblock'  itemprop=\"text\" ><p><strong>Les constructions pour concessions automobiles<\/strong>\u00a0permettent une utilisation optimale de l&rsquo;espace avec des port\u00e9es libres. Le syst\u00e8me de construction Abri and Co offre des possibilit\u00e9s architecturales imaginatives, attractives et l&rsquo;utilisation de nombreux accessoires int\u00e9gr\u00e9s. Le choix de l\u2019acier pour les concessions automobiles assure une grande s\u00e9curit\u00e9 et une grande r\u00e9sistance aux intemp\u00e9ries. Les b\u00e2timents en acier utilis\u00e9s comme concessions de voitures sont d\u00e9velopp\u00e9s avec le souci du respect de l&rsquo;environnement.<\/p>\n<\/div><\/section><\/div>\n","protected":false},"excerpt":{"rendered":"","protected":false},"author":1,"featured_media":0,"parent":239,"menu_order":1,"comment_status":"closed","ping_status":"closed","template":"","meta":{"footnotes":""},"class_list":["post-138","page","type-page","status-publish","hentry"],"yoast_head":"<!-- This site is optimized with the Yoast SEO plugin v26.9 - https:\/\/yoast.com\/product\/yoast-seo-wordpress\/ -->\n<title>Batiments &amp; Hangars - Les Constructions M\u00e9talliques %<\/title>\n<meta name=\"robots\" content=\"index, follow, max-snippet:-1, max-image-preview:large, max-video-preview:-1\" \/>\n<link rel=\"canonical\" href=\"https:\/\/lesconstructionsmetalliques.com\/index.php\/service\/house-renovation\/\" \/>\n<meta property=\"og:locale\" content=\"fr_FR\" \/>\n<meta property=\"og:type\" content=\"article\" \/>\n<meta property=\"og:title\" content=\"Batiments &amp; Hangars - Les Constructions M\u00e9talliques %\" \/>\n<meta property=\"og:url\" content=\"https:\/\/lesconstructionsmetalliques.com\/index.php\/service\/house-renovation\/\" \/>\n<meta property=\"og:site_name\" content=\"Les Constructions M\u00e9talliques\" \/>\n<meta property=\"article:publisher\" content=\"https:\/\/www.facebook.com\/lesconstructionsmetalliques\" \/>\n<meta property=\"article:modified_time\" content=\"2020-03-04T19:51:02+00:00\" \/>\n<meta name=\"twitter:card\" content=\"summary_large_image\" \/>\n<meta name=\"twitter:label1\" content=\"Dur\u00e9e de lecture estim\u00e9e\" \/>\n\t<meta name=\"twitter:data1\" content=\"6 minutes\" \/>\n<script type=\"application\/ld+json\" class=\"yoast-schema-graph\">{\"@context\":\"https:\/\/schema.org\",\"@graph\":[{\"@type\":\"WebPage\",\"@id\":\"https:\/\/lesconstructionsmetalliques.com\/index.php\/service\/house-renovation\/\",\"url\":\"https:\/\/lesconstructionsmetalliques.com\/index.php\/service\/house-renovation\/\",\"name\":\"Batiments & Hangars - Les Constructions M\u00e9talliques %\",\"isPartOf\":{\"@id\":\"https:\/\/lesconstructionsmetalliques.com\/#website\"},\"datePublished\":\"2015-10-22T13:31:54+00:00\",\"dateModified\":\"2020-03-04T19:51:02+00:00\",\"breadcrumb\":{\"@id\":\"https:\/\/lesconstructionsmetalliques.com\/index.php\/service\/house-renovation\/#breadcrumb\"},\"inLanguage\":\"fr-FR\",\"potentialAction\":[{\"@type\":\"ReadAction\",\"target\":[\"https:\/\/lesconstructionsmetalliques.com\/index.php\/service\/house-renovation\/\"]}]},{\"@type\":\"BreadcrumbList\",\"@id\":\"https:\/\/lesconstructionsmetalliques.com\/index.php\/service\/house-renovation\/#breadcrumb\",\"itemListElement\":[{\"@type\":\"ListItem\",\"position\":1,\"name\":\"Accueil\",\"item\":\"https:\/\/lesconstructionsmetalliques.com\/\"},{\"@type\":\"ListItem\",\"position\":2,\"name\":\"Notre Savoir Faire\",\"item\":\"https:\/\/lesconstructionsmetalliques.com\/index.php\/service\/\"},{\"@type\":\"ListItem\",\"position\":3,\"name\":\"Batiments &#038; Hangars\"}]},{\"@type\":\"WebSite\",\"@id\":\"https:\/\/lesconstructionsmetalliques.com\/#website\",\"url\":\"https:\/\/lesconstructionsmetalliques.com\/\",\"name\":\"Les Constructions M\u00e9talliques\",\"description\":\"La construction un domaine qui nous connait bien !\",\"publisher\":{\"@id\":\"https:\/\/lesconstructionsmetalliques.com\/#organization\"},\"potentialAction\":[{\"@type\":\"SearchAction\",\"target\":{\"@type\":\"EntryPoint\",\"urlTemplate\":\"https:\/\/lesconstructionsmetalliques.com\/?s={search_term_string}\"},\"query-input\":{\"@type\":\"PropertyValueSpecification\",\"valueRequired\":true,\"valueName\":\"search_term_string\"}}],\"inLanguage\":\"fr-FR\"},{\"@type\":\"Organization\",\"@id\":\"https:\/\/lesconstructionsmetalliques.com\/#organization\",\"name\":\"Les Constructions M\u00e9talliques\",\"url\":\"https:\/\/lesconstructionsmetalliques.com\/\",\"logo\":{\"@type\":\"ImageObject\",\"inLanguage\":\"fr-FR\",\"@id\":\"https:\/\/lesconstructionsmetalliques.com\/#\/schema\/logo\/image\/\",\"url\":\"https:\/\/lesconstructionsmetalliques.com\/wp-content\/uploads\/2020\/01\/Logo-LCM-les-constructions-metalliquees-HOME.png\",\"contentUrl\":\"https:\/\/lesconstructionsmetalliques.com\/wp-content\/uploads\/2020\/01\/Logo-LCM-les-constructions-metalliquees-HOME.png\",\"width\":298,\"height\":156,\"caption\":\"Les Constructions M\u00e9talliques\"},\"image\":{\"@id\":\"https:\/\/lesconstructionsmetalliques.com\/#\/schema\/logo\/image\/\"},\"sameAs\":[\"https:\/\/www.facebook.com\/lesconstructionsmetalliques\"]}]}<\/script>\n<!-- \/ Yoast SEO plugin. -->","yoast_head_json":{"title":"Batiments & Hangars - Les Constructions M\u00e9talliques %","robots":{"index":"index","follow":"follow","max-snippet":"max-snippet:-1","max-image-preview":"max-image-preview:large","max-video-preview":"max-video-preview:-1"},"canonical":"https:\/\/lesconstructionsmetalliques.com\/index.php\/service\/house-renovation\/","og_locale":"fr_FR","og_type":"article","og_title":"Batiments & Hangars - Les Constructions M\u00e9talliques %","og_url":"https:\/\/lesconstructionsmetalliques.com\/index.php\/service\/house-renovation\/","og_site_name":"Les Constructions M\u00e9talliques","article_publisher":"https:\/\/www.facebook.com\/lesconstructionsmetalliques","article_modified_time":"2020-03-04T19:51:02+00:00","twitter_card":"summary_large_image","twitter_misc":{"Dur\u00e9e de lecture estim\u00e9e":"6 minutes"},"schema":{"@context":"https:\/\/schema.org","@graph":[{"@type":"WebPage","@id":"https:\/\/lesconstructionsmetalliques.com\/index.php\/service\/house-renovation\/","url":"https:\/\/lesconstructionsmetalliques.com\/index.php\/service\/house-renovation\/","name":"Batiments & Hangars - Les Constructions M\u00e9talliques %","isPartOf":{"@id":"https:\/\/lesconstructionsmetalliques.com\/#website"},"datePublished":"2015-10-22T13:31:54+00:00","dateModified":"2020-03-04T19:51:02+00:00","breadcrumb":{"@id":"https:\/\/lesconstructionsmetalliques.com\/index.php\/service\/house-renovation\/#breadcrumb"},"inLanguage":"fr-FR","potentialAction":[{"@type":"ReadAction","target":["https:\/\/lesconstructionsmetalliques.com\/index.php\/service\/house-renovation\/"]}]},{"@type":"BreadcrumbList","@id":"https:\/\/lesconstructionsmetalliques.com\/index.php\/service\/house-renovation\/#breadcrumb","itemListElement":[{"@type":"ListItem","position":1,"name":"Accueil","item":"https:\/\/lesconstructionsmetalliques.com\/"},{"@type":"ListItem","position":2,"name":"Notre Savoir Faire","item":"https:\/\/lesconstructionsmetalliques.com\/index.php\/service\/"},{"@type":"ListItem","position":3,"name":"Batiments &#038; Hangars"}]},{"@type":"WebSite","@id":"https:\/\/lesconstructionsmetalliques.com\/#website","url":"https:\/\/lesconstructionsmetalliques.com\/","name":"Les Constructions M\u00e9talliques","description":"La construction un domaine qui nous connait bien !","publisher":{"@id":"https:\/\/lesconstructionsmetalliques.com\/#organization"},"potentialAction":[{"@type":"SearchAction","target":{"@type":"EntryPoint","urlTemplate":"https:\/\/lesconstructionsmetalliques.com\/?s={search_term_string}"},"query-input":{"@type":"PropertyValueSpecification","valueRequired":true,"valueName":"search_term_string"}}],"inLanguage":"fr-FR"},{"@type":"Organization","@id":"https:\/\/lesconstructionsmetalliques.com\/#organization","name":"Les Constructions M\u00e9talliques","url":"https:\/\/lesconstructionsmetalliques.com\/","logo":{"@type":"ImageObject","inLanguage":"fr-FR","@id":"https:\/\/lesconstructionsmetalliques.com\/#\/schema\/logo\/image\/","url":"https:\/\/lesconstructionsmetalliques.com\/wp-content\/uploads\/2020\/01\/Logo-LCM-les-constructions-metalliquees-HOME.png","contentUrl":"https:\/\/lesconstructionsmetalliques.com\/wp-content\/uploads\/2020\/01\/Logo-LCM-les-constructions-metalliquees-HOME.png","width":298,"height":156,"caption":"Les Constructions M\u00e9talliques"},"image":{"@id":"https:\/\/lesconstructionsmetalliques.com\/#\/schema\/logo\/image\/"},"sameAs":["https:\/\/www.facebook.com\/lesconstructionsmetalliques"]}]}},"_links":{"self":[{"href":"https:\/\/lesconstructionsmetalliques.com\/index.php\/wp-json\/wp\/v2\/pages\/138","targetHints":{"allow":["GET"]}}],"collection":[{"href":"https:\/\/lesconstructionsmetalliques.com\/index.php\/wp-json\/wp\/v2\/pages"}],"about":[{"href":"https:\/\/lesconstructionsmetalliques.com\/index.php\/wp-json\/wp\/v2\/types\/page"}],"author":[{"embeddable":true,"href":"https:\/\/lesconstructionsmetalliques.com\/index.php\/wp-json\/wp\/v2\/users\/1"}],"replies":[{"embeddable":true,"href":"https:\/\/lesconstructionsmetalliques.com\/index.php\/wp-json\/wp\/v2\/comments?post=138"}],"version-history":[{"count":17,"href":"https:\/\/lesconstructionsmetalliques.com\/index.php\/wp-json\/wp\/v2\/pages\/138\/revisions"}],"predecessor-version":[{"id":578,"href":"https:\/\/lesconstructionsmetalliques.com\/index.php\/wp-json\/wp\/v2\/pages\/138\/revisions\/578"}],"up":[{"embeddable":true,"href":"https:\/\/lesconstructionsmetalliques.com\/index.php\/wp-json\/wp\/v2\/pages\/239"}],"wp:attachment":[{"href":"https:\/\/lesconstructionsmetalliques.com\/index.php\/wp-json\/wp\/v2\/media?parent=138"}],"curies":[{"name":"wp","href":"https:\/\/api.w.org\/{rel}","templated":true}]}}